{"id":127,"date":"2024-02-15T09:08:21","date_gmt":"2024-02-15T08:08:21","guid":{"rendered":"https:\/\/eurobengale.com\/?page_id=127"},"modified":"2026-01-21T14:48:44","modified_gmt":"2026-01-21T13:48:44","slug":"catalogue","status":"publish","type":"page","link":"https:\/\/eurobengale.com\/index.php\/catalogue\/","title":{"rendered":"Catalogues"},"content":{"rendered":"\n<figure class=\"wp-block-table aligncenter\"><table><tbody><tr><td><a href=\"https:\/\/eurobengale.com\/index.php\/2024\/02\/17\/nouvellecollection-feux-dartifices\/\"><img loading=\"lazy\" decoding=\"async\" width=\"300\" height=\"424\" class=\"wp-image-1005\" style=\"width: 300px;\" src=\"https:\/\/eurobengale.com\/wp-content\/uploads\/2024\/05\/1-Une-de-cover.jpeg\" alt=\"\"><\/a><\/td><td class=\"has-text-align-center\" data-align=\"center\"><a href=\"https:\/\/www.canva.com\/design\/DAFBlrSdW4Y\/_6rBR0TqN-GxVjkdoP_xow\/view?utm_content=DAFBlrSdW4Y&amp;utm_campaign=designshare&amp;utm_medium=link2&amp;utm_source=uniquelinks&amp;utlId=hd3f5b6bcbc\"><img loading=\"lazy\" decoding=\"async\" width=\"300\" height=\"424\" class=\"wp-image-1362\" style=\"width: 300px;\" src=\"https:\/\/eurobengale.com\/wp-content\/uploads\/2024\/02\/000-Catalogue-Lampions-EB-2025-1_page-0001.jpg\" alt=\"\"><\/a><\/td><\/tr><tr><td><a href=\"https:\/\/eurobengale.com\/index.php\/2024\/02\/19\/feux-automatiques\/\"><img loading=\"lazy\" decoding=\"async\" width=\"300\" height=\"205\" class=\"wp-image-1055\" style=\"width: 300px;\" src=\"https:\/\/eurobengale.com\/wp-content\/uploads\/2024\/05\/Titre-efux-automatiques.jpg\" alt=\"\"><\/a><\/td><td class=\"has-text-align-center\" data-align=\"center\"><a href=\"https:\/\/eurobengale.com\/index.php\/2024\/02\/17\/nos-autres-prestations\/\"><img loading=\"lazy\" decoding=\"async\" width=\"300\" height=\"176\" class=\"wp-image-1149\" style=\"width: 300px;\" src=\"https:\/\/eurobengale.com\/wp-content\/uploads\/2024\/05\/Nos-autres-prestations.jpg\" alt=\"\"><\/a><\/td><\/tr><tr><td><a href=\"https:\/\/eurobengale.com\/index.php\/2024\/02\/17\/notre-expertise\/\"><img loading=\"lazy\" decoding=\"async\" width=\"300\" height=\"249\" class=\"wp-image-1024\" style=\"width: 300px;\" src=\"https:\/\/eurobengale.com\/wp-content\/uploads\/2024\/05\/OIP.jpg\" alt=\"\"><\/a><\/td><td class=\"has-text-align-center\" data-align=\"center\"><a href=\"https:\/\/eurobengale.com\/wp-content\/uploads\/2025\/10\/Capture-decran_30-10-2025_15461_.jpeg\"><img loading=\"lazy\" decoding=\"async\" width=\"200\" height=\"285\" class=\"wp-image-1513\" style=\"width: 200px;\" src=\"https:\/\/eurobengale.com\/wp-content\/uploads\/2025\/10\/Capture-decran_30-10-2025_15461_.jpeg\" alt=\"\"><\/a><img decoding=\"async\" class=\"wp-image-1506\" style=\"width: 200px;\" src=\"https:\/\/eurobengale.com\/wp-content\/uploads\/2025\/10\/Capture-decran_30-10-2025_1567_.jpeg\" alt=\"\"><\/td><\/tr><\/tbody><\/table><\/figure>\n\n\n\n<p>Cliquez sur l&rsquo;image pour acc\u00e9der au catalogue<\/p>\n\n\n\n<p>Pour vos demandes, n&rsquo;h\u00e9sitez pas \u00e0 nous laisser un message <a href=\"https:\/\/eurobengale.com\/index.php\/nous-contacter-2\/\" data-type=\"page\" data-id=\"138\" target=\"_blank\" rel=\"noreferrer noopener\">ici<\/a> <\/p>\n\n\n\n<p><a href=\"https:\/\/eurobengale.com\/\">Retour en page d&rsquo;accueil<\/a><\/p>\n\n\n\n<p><\/p>\n\n\n\n<p><\/p>\n","protected":false},"excerpt":{"rendered":"<p>Cliquez sur l&rsquo;image pour acc\u00e9der au catalogue Pour vos demandes, n&rsquo;h\u00e9sitez pas \u00e0 nous laisser un message ici Retour en page d&rsquo;accueil<\/p>\n","protected":false},"author":1,"featured_media":0,"parent":0,"menu_order":5,"comment_status":"open","ping_status":"closed","template":"","meta":{"footnotes":""},"class_list":["post-127","page","type-page","status-publish","hentry"],"_links":{"self":[{"href":"https:\/\/eurobengale.com\/index.php\/wp-json\/wp\/v2\/pages\/127","targetHints":{"allow":["GET"]}}],"collection":[{"href":"https:\/\/eurobengale.com\/index.php\/wp-json\/wp\/v2\/pages"}],"about":[{"href":"https:\/\/eurobengale.com\/index.php\/wp-json\/wp\/v2\/types\/page"}],"author":[{"embeddable":true,"href":"https:\/\/eurobengale.com\/index.php\/wp-json\/wp\/v2\/users\/1"}],"replies":[{"embeddable":true,"href":"https:\/\/eurobengale.com\/index.php\/wp-json\/wp\/v2\/comments?post=127"}],"version-history":[{"count":39,"href":"https:\/\/eurobengale.com\/index.php\/wp-json\/wp\/v2\/pages\/127\/revisions"}],"predecessor-version":[{"id":1602,"href":"https:\/\/eurobengale.com\/index.php\/wp-json\/wp\/v2\/pages\/127\/revisions\/1602"}],"wp:attachment":[{"href":"https:\/\/eurobengale.com\/index.php\/wp-json\/wp\/v2\/media?parent=127"}],"curies":[{"name":"wp","href":"https:\/\/api.w.org\/{rel}","templated":true}]}}