{"id":138,"date":"2024-02-15T09:16:03","date_gmt":"2024-02-15T08:16:03","guid":{"rendered":"https:\/\/eurobengale.com\/?page_id=138"},"modified":"2024-05-27T16:41:53","modified_gmt":"2024-05-27T14:41:53","slug":"nous-contacter-2","status":"publish","type":"page","link":"https:\/\/eurobengale.com\/index.php\/nous-contacter-2\/","title":{"rendered":"Nous contacter"},"content":{"rendered":"\n<h5 class=\"wp-block-heading has-text-align-center\"><em>T\u00e9l\u00e9phone :<\/em> 03 24 30 62 61<\/h5>\n\n\n\n<h5 class=\"wp-block-heading has-text-align-center\" id=\"block-5a614b48-8c62-4a98-9fe8-4c3576392217\"><em>Courriel :<\/em> <strong>commercial@eurobengale.com<\/strong><\/h5>\n\n\n\n<p class=\"has-text-align-center\">Euro Bengale est ouvert :<\/p>\n\n\n\n<p>Du lundi au jeudi de 8 h \u00e0 12 h et de 13 h 30 \u00e0 17h 30<\/p>\n\n\n\n<p>Le vendredi de 8 h \u00e0 12 h et de 13 h 30 \u00e0 16h 30<\/p>\n\n\n\n<figure class=\"wp-block-image size-full wp-duotone-unset-1\"><img decoding=\"async\" src=\"https:\/\/eurobengale.com\/wp-content\/uploads\/2024\/02\/08405.jpg\" alt=\"\" class=\"wp-image-589\"\/><\/figure>\n\n\n\n<p><\/p>\n\n\n\n<p><\/p>\n\n\n\n<p class=\"has-text-align-center has-large-font-size\">Une question ou une demande ? <\/p>\n\n\n\n<div class=\"wp-block-contact-form-7-contact-form-selector\">\n<div class=\"wpcf7 no-js\" id=\"wpcf7-f1192-o1\" lang=\"fr-FR\" dir=\"ltr\" data-wpcf7-id=\"1192\">\n<div class=\"screen-reader-response\"><p role=\"status\" aria-live=\"polite\" aria-atomic=\"true\"><\/p> <ul><\/ul><\/div>\n<form action=\"\/index.php\/wp-json\/wp\/v2\/pages\/138#wpcf7-f1192-o1\" method=\"post\" class=\"wpcf7-form init\" aria-label=\"Formulaire de contact\" novalidate=\"novalidate\" data-status=\"init\">\n<fieldset class=\"hidden-fields-container\"><input type=\"hidden\" name=\"_wpcf7\" value=\"1192\" \/><input type=\"hidden\" name=\"_wpcf7_version\" value=\"6.1.5\" \/><input type=\"hidden\" name=\"_wpcf7_locale\" value=\"fr_FR\" \/><input type=\"hidden\" name=\"_wpcf7_unit_tag\" value=\"wpcf7-f1192-o1\" \/><input type=\"hidden\" name=\"_wpcf7_container_post\" value=\"0\" \/><input type=\"hidden\" name=\"_wpcf7_posted_data_hash\" value=\"\" \/>\n<\/fieldset>\n<p><label> Votre nom<br \/>\n<span class=\"wpcf7-form-control-wrap\" data-name=\"your-name\"><input size=\"40\" maxlength=\"400\" class=\"wpcf7-form-control wpcf7-text wpcf7-validates-as-required\" autocomplete=\"name\" aria-required=\"true\" aria-invalid=\"false\" value=\"\" type=\"text\" name=\"your-name\" \/><\/span> <\/label>\n<\/p>\n<p><label> Votre e-mail<br \/>\n<span class=\"wpcf7-form-control-wrap\" data-name=\"your-email\"><input size=\"40\" maxlength=\"400\" class=\"wpcf7-form-control wpcf7-email wpcf7-validates-as-required wpcf7-text wpcf7-validates-as-email\" autocomplete=\"email\" aria-required=\"true\" aria-invalid=\"false\" value=\"\" type=\"email\" name=\"your-email\" \/><\/span> <\/label>\n<\/p>\n<p><label> Objet<br \/>\n<span class=\"wpcf7-form-control-wrap\" data-name=\"your-subject\"><input size=\"40\" maxlength=\"400\" class=\"wpcf7-form-control wpcf7-text wpcf7-validates-as-required\" aria-required=\"true\" aria-invalid=\"false\" value=\"\" type=\"text\" name=\"your-subject\" \/><\/span> <\/label>\n<\/p>\n<p><label> Votre message (facultatif)<br \/>\n<span class=\"wpcf7-form-control-wrap\" data-name=\"your-message\"><textarea cols=\"40\" rows=\"10\" maxlength=\"2000\" class=\"wpcf7-form-control wpcf7-textarea\" aria-invalid=\"false\" name=\"your-message\"><\/textarea><\/span> <\/label>\n<\/p>\n<p><input class=\"wpcf7-form-control wpcf7-submit has-spinner\" type=\"submit\" value=\"Envoyer\" \/>\n<\/p><div class=\"wpcf7-response-output\" aria-hidden=\"true\"><\/div>\n<\/form>\n<\/div>\n<\/div>\n\n\n\n<p><a href=\"https:\/\/eurobengale.com\/\">Retour en page d&rsquo;accueil<\/a><\/p>\n","protected":false},"excerpt":{"rendered":"<p>T\u00e9l\u00e9phone : 03 24 30 62 61 Courriel : commercial@eurobengale.com Euro Bengale est ouvert : Du lundi au jeudi de 8 h \u00e0 12 h et de 13 h 30 \u00e0 17h 30 Le vendredi de 8 h \u00e0 12 h et de 13 h 30 \u00e0 16h 30 Une question ou une demande ? [&hellip;]<\/p>\n","protected":false},"author":1,"featured_media":0,"parent":0,"menu_order":20,"comment_status":"open","ping_status":"closed","template":"","meta":{"footnotes":""},"class_list":["post-138","page","type-page","status-publish","hentry"],"_links":{"self":[{"href":"https:\/\/eurobengale.com\/index.php\/wp-json\/wp\/v2\/pages\/138","targetHints":{"allow":["GET"]}}],"collection":[{"href":"https:\/\/eurobengale.com\/index.php\/wp-json\/wp\/v2\/pages"}],"about":[{"href":"https:\/\/eurobengale.com\/index.php\/wp-json\/wp\/v2\/types\/page"}],"author":[{"embeddable":true,"href":"https:\/\/eurobengale.com\/index.php\/wp-json\/wp\/v2\/users\/1"}],"replies":[{"embeddable":true,"href":"https:\/\/eurobengale.com\/index.php\/wp-json\/wp\/v2\/comments?post=138"}],"version-history":[{"count":12,"href":"https:\/\/eurobengale.com\/index.php\/wp-json\/wp\/v2\/pages\/138\/revisions"}],"predecessor-version":[{"id":1204,"href":"https:\/\/eurobengale.com\/index.php\/wp-json\/wp\/v2\/pages\/138\/revisions\/1204"}],"wp:attachment":[{"href":"https:\/\/eurobengale.com\/index.php\/wp-json\/wp\/v2\/media?parent=138"}],"curies":[{"name":"wp","href":"https:\/\/api.w.org\/{rel}","templated":true}]}}