{"id":1405,"date":"2025-04-08T10:27:09","date_gmt":"2025-04-08T08:27:09","guid":{"rendered":"https:\/\/eurobengale.com\/?page_id=1405"},"modified":"2025-12-16T14:20:07","modified_gmt":"2025-12-16T13:20:07","slug":"les-nouveautes","status":"publish","type":"page","link":"https:\/\/eurobengale.com\/index.php\/les-nouveautes\/","title":{"rendered":"Nos produits"},"content":{"rendered":"\n<p class=\"has-small-font-size\"><em>Cette page est en construction, les miniatures ne sont pas d\u00e9finitives<\/em> &#8211; <em>Nous vous demandons de nous en excuser <\/em><\/p>\n\n\n\n<p>Cliquez sur l&rsquo;image pour visualiser l&rsquo;article avec You tube<\/p>\n\n\n\n<figure class=\"wp-block-table\"><table class=\"has-fixed-layout\"><tbody><tr><td class=\"has-text-align-center\" data-align=\"center\">Fleuriste 2<br><a href=\"https:\/\/www.youtube.com\/watch?v=FOAkXNfVNGY\"><img loading=\"lazy\" decoding=\"async\" width=\"300\" height=\"169\" class=\"wp-image-1436\" style=\"width: 300px;\" src=\"https:\/\/eurobengale.com\/wp-content\/uploads\/2025\/04\/image.png\" alt=\"\"><\/a><\/td><td class=\"has-text-align-center\" data-align=\"center\">Gabriel 120 shots sun flower<br><a href=\"https:\/\/www.youtube.com\/watch?v=k9d3Q5mA82I\"><img loading=\"lazy\" decoding=\"async\" width=\"300\" height=\"145\" class=\"wp-image-1439\" style=\"width: 300px;\" src=\"https:\/\/eurobengale.com\/wp-content\/uploads\/2025\/04\/papc4m5t.png\" alt=\"\"><\/a><\/td><\/tr><tr><td class=\"has-text-align-center\" data-align=\"center\">Z dahlia<br><a href=\"https:\/\/www.youtube.com\/watch?v=fUVF8_ZMY0w\"><img loading=\"lazy\" decoding=\"async\" width=\"300\" height=\"231\" class=\"wp-image-1441\" style=\"width: 300px;\" src=\"https:\/\/eurobengale.com\/wp-content\/uploads\/2025\/04\/Capture-decran-2025-04-08-170729.png\" alt=\"\"><\/a><\/td><td class=\"has-text-align-center\" data-align=\"center\">Z Chrysanth\u00e8me<br><a href=\"https:\/\/www.youtube.com\/watch?v=3Hr7WIfOYfI\"><img loading=\"lazy\" decoding=\"async\" width=\"300\" height=\"211\" class=\"wp-image-1444\" style=\"width: 300px;\" src=\"https:\/\/eurobengale.com\/wp-content\/uploads\/2025\/04\/Capture-decran-2025-04-08-171458.png\" alt=\"\"><\/a><\/td><\/tr><tr><td class=\"has-text-align-center\" data-align=\"center\">F Palmier<br><a href=\"https:\/\/www.youtube.com\/watch?v=bymkuyrnqF8\"><img loading=\"lazy\" decoding=\"async\" width=\"300\" height=\"214\" class=\"wp-image-1445\" style=\"width: 300px;\" src=\"https:\/\/eurobengale.com\/wp-content\/uploads\/2025\/04\/Capture-decran-2025-04-08-171754.png\" alt=\"\"><\/a><\/td><td class=\"has-text-align-center\" data-align=\"center\">L C\u0153ur rouge<br><a href=\"https:\/\/www.youtube.com\/watch?v=z54UaOHvj7A\"><img loading=\"lazy\" decoding=\"async\" width=\"220\" height=\"203\" class=\"wp-image-1453\" style=\"width: 220px;\" src=\"https:\/\/eurobengale.com\/wp-content\/uploads\/2025\/04\/Capture-decran-2025-04-09-174359.png\" alt=\"\"><\/a><\/td><\/tr><tr><td class=\"has-text-align-center\" data-align=\"center\">\u0152uf de dragon 100 shots<br><a href=\"https:\/\/www.youtube.com\/watch?v=Uoinido64ZI\"><img loading=\"lazy\" decoding=\"async\" width=\"150\" height=\"271\" class=\"wp-image-1456\" style=\"width: 150px;\" src=\"https:\/\/eurobengale.com\/wp-content\/uploads\/2025\/04\/Capture-decran-2025-04-09-175503.png\" alt=\"\"><\/a><\/td><td class=\"has-text-align-center\" data-align=\"center\">120 shots rainbow colorful smoke cake<br><a href=\"https:\/\/www.youtube.com\/watch?v=FmlmssiInko\"><img loading=\"lazy\" decoding=\"async\" width=\"300\" height=\"166\" class=\"wp-image-1458\" style=\"width: 300px;\" src=\"https:\/\/eurobengale.com\/wp-content\/uploads\/2025\/04\/Capture-decran-2025-04-09-180109.png\" alt=\"\"><\/a><\/td><\/tr><tr><td class=\"has-text-align-center\" data-align=\"center\">N1 125 jap avec pistil<br><a href=\"https:\/\/www.youtube.com\/shorts\/K8olqq09GJM\"><img loading=\"lazy\" decoding=\"async\" width=\"300\" height=\"246\" class=\"wp-image-1446\" style=\"width: 300px;\" src=\"https:\/\/eurobengale.com\/wp-content\/uploads\/2025\/04\/Capture-decran-2025-04-08-172449.png\" alt=\"\"><\/a><\/td><td class=\"has-text-align-center\" data-align=\"center\"><br>N2 125 jap avec pistil<br><a href=\"https:\/\/www.youtube.com\/shorts\/CFBIXAn-gKs\"><img loading=\"lazy\" decoding=\"async\" width=\"300\" height=\"219\" class=\"wp-image-1459\" style=\"width: 300px;\" src=\"https:\/\/eurobengale.com\/wp-content\/uploads\/2025\/04\/Capture-decran-2025-04-09-180905.png\" alt=\"\"><\/a><\/td><\/tr><tr><td class=\"has-text-align-center\" data-align=\"center\">150 mm Twilight<br><a href=\"https:\/\/www.youtube.com\/shorts\/B3o0LINJFxc\"><img loading=\"lazy\" decoding=\"async\" width=\"300\" height=\"255\" class=\"wp-image-1461\" style=\"width: 300px;\" src=\"https:\/\/eurobengale.com\/wp-content\/uploads\/2025\/04\/Capture-decran-2025-04-09-181422.png\" alt=\"\"><\/a><\/td><td class=\"has-text-align-center\" data-align=\"center\">150 mm Brocade saule<br><a href=\"https:\/\/www.youtube.com\/shorts\/puRe0dbwqSY\"><img loading=\"lazy\" decoding=\"async\" width=\"300\" height=\"247\" class=\"wp-image-1463\" style=\"width: 300px;\" src=\"https:\/\/eurobengale.com\/wp-content\/uploads\/2025\/04\/Capture-decran-2025-04-09-181932.png\" alt=\"\"><\/a><\/td><\/tr><tr><td class=\"has-text-align-center\" data-align=\"center\">Big hurlement<br><a href=\"https:\/\/www.youtube.com\/shorts\/XAwhfz2CYvc\"><img loading=\"lazy\" decoding=\"async\" width=\"150\" height=\"164\" class=\"wp-image-1447\" style=\"width: 150px;\" src=\"https:\/\/eurobengale.com\/wp-content\/uploads\/2025\/04\/Capture-decran-2025-04-08-172914.png\" alt=\"\"><\/a><\/td><td class=\"has-text-align-center\" data-align=\"center\"><\/td><\/tr><\/tbody><\/table><\/figure>\n\n\n\n\n\n<p><\/p>\n","protected":false},"excerpt":{"rendered":"<p>Cette page est en construction, les miniatures ne sont pas d\u00e9finitives &#8211; Nous vous demandons de nous en excuser Cliquez sur l&rsquo;image pour visualiser l&rsquo;article avec You tube Fleuriste 2 Gabriel 120 shots sun flower Z dahlia Z Chrysanth\u00e8me F Palmier L C\u0153ur rouge \u0152uf de dragon 100 shots 120 shots rainbow colorful smoke cake [&hellip;]<\/p>\n","protected":false},"author":1,"featured_media":0,"parent":0,"menu_order":6,"comment_status":"closed","ping_status":"closed","template":"","meta":{"footnotes":""},"class_list":["post-1405","page","type-page","status-publish","hentry"],"_links":{"self":[{"href":"https:\/\/eurobengale.com\/index.php\/wp-json\/wp\/v2\/pages\/1405","targetHints":{"allow":["GET"]}}],"collection":[{"href":"https:\/\/eurobengale.com\/index.php\/wp-json\/wp\/v2\/pages"}],"about":[{"href":"https:\/\/eurobengale.com\/index.php\/wp-json\/wp\/v2\/types\/page"}],"author":[{"embeddable":true,"href":"https:\/\/eurobengale.com\/index.php\/wp-json\/wp\/v2\/users\/1"}],"replies":[{"embeddable":true,"href":"https:\/\/eurobengale.com\/index.php\/wp-json\/wp\/v2\/comments?post=1405"}],"version-history":[{"count":33,"href":"https:\/\/eurobengale.com\/index.php\/wp-json\/wp\/v2\/pages\/1405\/revisions"}],"predecessor-version":[{"id":1556,"href":"https:\/\/eurobengale.com\/index.php\/wp-json\/wp\/v2\/pages\/1405\/revisions\/1556"}],"wp:attachment":[{"href":"https:\/\/eurobengale.com\/index.php\/wp-json\/wp\/v2\/media?parent=1405"}],"curies":[{"name":"wp","href":"https:\/\/api.w.org\/{rel}","templated":true}]}}