{"id":427,"date":"2024-02-18T09:34:26","date_gmt":"2024-02-18T08:34:26","guid":{"rendered":"https:\/\/eurobengale.com\/?page_id=427"},"modified":"2024-05-17T09:13:48","modified_gmt":"2024-05-17T07:13:48","slug":"qui-sommes-nous","status":"publish","type":"page","link":"https:\/\/eurobengale.com\/index.php\/qui-sommes-nous\/","title":{"rendered":"Qui sommes nous ?"},"content":{"rendered":"\n<figure class=\"wp-block-table\"><table><tbody><tr><td><img decoding=\"async\" class=\"wp-image-486\" style=\"width: 150px;\" src=\"https:\/\/eurobengale.com\/wp-content\/uploads\/2024\/02\/20240219_102708-scaled.jpg\" alt=\"\"><img loading=\"lazy\" decoding=\"async\" width=\"150\" height=\"113\" class=\"wp-image-1072\" style=\"width: 150px;\" src=\"https:\/\/eurobengale.com\/wp-content\/uploads\/2024\/05\/Deom.jpg\" alt=\"\"><\/td><td>EURO BENGALE <strong>existe depuis 36 ans<\/strong>. La soci\u00e9t\u00e9 a \u00e9t\u00e9 cr\u00e9\u00e9e en f\u00e9vrier 1988.<br><br><a href=\"https:\/\/eurobengale.com\/index.php\/2024\/02\/26\/eurobengale\/\">Qui sommes nous ?<\/a><\/td><\/tr><\/tbody><\/table><\/figure>\n\n\n\n<p>Le <strong>CAPITAL SOCIAL de l\u2019entreprise est de 464&nbsp;000\u20ac.<\/strong><\/p>\n\n\n\n<p>EURO BENGALE est inscrite \u00e0 la CHAMBRE DES METIERS ET DE L\u2019ARTISANAT.<\/p>\n\n\n\n<p>Son <strong>code activit\u00e9<\/strong> NAF APE est <strong>4312 BB<\/strong> qui est celui des <strong>artificiers<\/strong>.<\/p>\n\n\n\n<p>EURO BENGALE emploie <strong>14 salari\u00e9s \u00e0 plein temps et 67 comme intermittents.<\/strong><\/p>\n\n\n\n<p>Pour exercer son m\u00e9tier <a href=\"https:\/\/eurobengale.com\/index.php\/2024\/02\/26\/les-depots-dexplosifs\/\">EURO BENGALE s\u2019est \u00e9quip\u00e9 de deux installations<\/a>&nbsp;: la premi\u00e8re en <strong>1990<\/strong> dans les Ardennes et la deuxi\u00e8me en <strong>2017 <\/strong>dans la Marne.<\/p>\n\n\n\n<p>Euro Bengale est un <a href=\"https:\/\/eurobengale.com\/index.php\/formations\/\">organisme de formation<\/a> des artificiers tireurs depuis 1996 <\/p>\n\n\n\n<p>Depuis septembre 2001, EURO BENGALE a mis en place un SMI (syst\u00e8me de management de la qualit\u00e9) qui lui a permis de prendre le leadership pour la qualit\u00e9 de ses services, pour l\u2019innovation et l\u2019originalit\u00e9 de ses produits, enfin pour r\u00e9pondre \u00e0 toutes les situations et satisfaire le client.<\/p>\n\n\n\n<p>Depuis 2006, EURO BENGALE est reconnue comme garant du respect de l\u2019environnement dans toutes ses actions. Bilan carbone, proc\u00e9dures de revalorisation des d\u00e9chets, recherche de solutions pour limiter l\u2019empreinte sur le milieu, en particulier choix de produits biod\u00e9gradables,<\/p>\n\n\n\n<p>Depuis 2006, EURO BENGALE est reconnue comme acteur engag\u00e9 dans la s\u00e9curit\u00e9 de son personnel mais aussi de ses clients et de son public<\/p>\n\n\n\n<p>EURO BENGALE a ainsi re\u00e7u le <strong>premier prix au concours international de BILBAO<\/strong>.<\/p>\n\n\n\n<p><\/p>\n\n\n\n<p><\/p>\n\n\n\n<p class=\"has-cyan-bluish-gray-color has-text-color has-link-color wp-elements-f371938c8ef695743d6f06ee342a6b75\">Note&nbsp;: les artifices sont class\u00e9s en division de risque selon le danger qu\u2019ils repr\u00e9sentent. La division 1.1 concerne les marrons d\u2019air et les bombes d\u2019un calibre sup\u00e9rieur \u00e0 175mm. La division 1.2 concerne les chandelles romaines et les batteries ou combinaisons d\u2019un calibre sup\u00e9rieur ou \u00e9gal \u00e0 50mm. La division 1.3 concerne toutes les bombes d\u2019un calibre inf\u00e9rieur \u00e0 175mm et les batteries et chandelles courantes. La division 1.4 concerne les petits artifices en vente libre comme ceux destin\u00e9s aux enfants.<\/p>\n\n\n\n<p class=\"has-cyan-bluish-gray-color has-text-color has-link-color wp-elements-0a2ebae87d607902920b5e2e8cb80e20\">Il n\u2019est donc pas possible pour un commer\u00e7ant de fournir des artifices de divertissement s\u2019il ne dispose pas d\u2019un d\u00e9p\u00f4t accompagn\u00e9 de son agr\u00e9ment technique.<\/p>\n\n\n\n<p><a href=\"https:\/\/eurobengale.com\/\">Retour en page d&rsquo;accueil<\/a><\/p>\n\n\n\n<p><\/p>\n","protected":false},"excerpt":{"rendered":"<p>EURO BENGALE existe depuis 36 ans. La soci\u00e9t\u00e9 a \u00e9t\u00e9 cr\u00e9\u00e9e en f\u00e9vrier 1988. Qui sommes nous ? Le CAPITAL SOCIAL de l\u2019entreprise est de 464&nbsp;000\u20ac. EURO BENGALE est inscrite \u00e0 la CHAMBRE DES METIERS ET DE L\u2019ARTISANAT. Son code activit\u00e9 NAF APE est 4312 BB qui est celui des artificiers. EURO BENGALE emploie 14 [&hellip;]<\/p>\n","protected":false},"author":1,"featured_media":0,"parent":0,"menu_order":15,"comment_status":"closed","ping_status":"closed","template":"","meta":{"footnotes":""},"class_list":["post-427","page","type-page","status-publish","hentry"],"_links":{"self":[{"href":"https:\/\/eurobengale.com\/index.php\/wp-json\/wp\/v2\/pages\/427","targetHints":{"allow":["GET"]}}],"collection":[{"href":"https:\/\/eurobengale.com\/index.php\/wp-json\/wp\/v2\/pages"}],"about":[{"href":"https:\/\/eurobengale.com\/index.php\/wp-json\/wp\/v2\/types\/page"}],"author":[{"embeddable":true,"href":"https:\/\/eurobengale.com\/index.php\/wp-json\/wp\/v2\/users\/1"}],"replies":[{"embeddable":true,"href":"https:\/\/eurobengale.com\/index.php\/wp-json\/wp\/v2\/comments?post=427"}],"version-history":[{"count":1,"href":"https:\/\/eurobengale.com\/index.php\/wp-json\/wp\/v2\/pages\/427\/revisions"}],"predecessor-version":[{"id":1153,"href":"https:\/\/eurobengale.com\/index.php\/wp-json\/wp\/v2\/pages\/427\/revisions\/1153"}],"wp:attachment":[{"href":"https:\/\/eurobengale.com\/index.php\/wp-json\/wp\/v2\/media?parent=427"}],"curies":[{"name":"wp","href":"https:\/\/api.w.org\/{rel}","templated":true}]}}